{"id":84,"date":"2017-04-13T08:22:44","date_gmt":"2017-04-13T07:22:44","guid":{"rendered":"http:\/\/minhajsunnah.com\/es\/?page_id=84"},"modified":"2017-04-13T08:22:44","modified_gmt":"2017-04-13T07:22:44","slug":"quien-es-el-sheikh","status":"publish","type":"page","link":"https:\/\/minhajsunnah.com\/es\/quien-es-el-sheikh\/","title":{"rendered":"\u00bfQui\u00e9n es el sheikh?"},"content":{"rendered":"<p>Esta es la traducci\u00f3n de la biograf\u00eda de nuestro sheikh y supervisor Osama Saud Alamri. Pod\u00e9is encontrar la versi\u00f3n en \u00e1rabe en su web oficial.<\/p>\n<hr \/>\n<h3><strong>\u00bfQui\u00e9n es el Sheikh?<\/strong><\/h3>\n<p>Es nuestro sheikh Abu Al Harith Osama Ibn Saud Ibn Omair Al Amri. Nacido en Jeddah el a\u00f1o 1935 despu\u00e9s de la hijra del profeta.<\/p>\n<h3><strong>Sus estudios:<\/strong><\/h3>\n<p>Estudi\u00f3 en su ciudad natal, Jeddah, hasta conseguir el \u201cBachelorious\u201d en la facultad de \u201cshariaa\u201d en la Universidad Isl\u00e1mica del Madinah. M\u00e1s tarde, consigui\u00f3 el \u201cMag\u00edster\u201d con una quilificaci\u00f3n excelente y menci\u00f3n en aaquidah. Su tesis consist\u00eda en verificar la cr\u00f3nica del Imam Abderram\u00e1n Ibn Hassan Al Sheikh (que Allah lo tenga en su misericordia).<\/p>\n<h3><strong>Su itinerario con los sabios:<\/strong><\/h3>\n<h4>Se gradu\u00f3 con varios sabios, entre ellos:<\/h4>\n<ul>\n<li>El gran sabio y doctor <strong>Mohamed Aman Ibn Ali Al-Jammi<\/strong> (que Allah le tenga en su misericordia). Lo frecuent\u00f3 y aprendi\u00f3 de \u00e9l en lo referente al aqueda, el fiqh y el hadith.<\/li>\n<li>El gran sabio <strong>Muhammad Ibn Salih Ibn Othaimin<\/strong> (que Allah le tenga en su misericordia). Aprendi\u00f3 de \u00e9l en lo referente a tafsir y algunos cap\u00edtulos de \u00ab<em>Omdat Al-Ahkam\u00bb<\/em>.<\/li>\n<li>El gran sabio <strong>Abd Al-Mohsin Ibn Hamad Al-Abad<\/strong>, instructor en la mezquita del profeta que Allah ore sobre \u00e9l y le d\u00e9 paz. Lo frecuent\u00f3 nuestro sheikh durante ocho a\u00f1os, en los que estudi\u00f3 <em>\u00abSunan Abi Daud\u00bb<\/em> y <em>\u00abSunan A\u2019Nasai\u00bb<\/em> entre otros tantos.<\/li>\n<li>El gran sabio y doctor <strong>Rabi Ibn Hadi Omair Al-Madghali<\/strong>, expresidente del departamento de la sunnah en la facultad del hadith en la Universidad Isl\u00e1mica del Madinah<\/li>\n<li>El gran sabio <strong>Ubaid Ibn Abd Allah Al-Jabiri<\/strong>, exprofesor de la Universidad Isl\u00e1mica.<\/li>\n<li>El gran sabio y doctor <strong>Husain Al-Sheikh<\/strong>, imam y khatib en la mezquita del profeta. Lo frecuent\u00f3 seis a\u00f1os y medio, en los que se form\u00f3 en \u00ab<em>Bulugh Al-Maram\u00bb<\/em>, <em>\u00abZad Al-Mustaknii\u00bb<\/em> y algunos cap\u00edtulos de <em>\u00abZad Al-Maad\u00bb<\/em> entre otros tanos libros m\u00e1s.<\/li>\n<li>El gran sabio <strong>Abd Allah Ibn Abd Al-Rahman Ibn Ghadian<\/strong> (que Allah le tenga en su misericordia), miembro de la junta de los grandes sabios en Arabia Saudita. Estudio con \u00e9l en el \u00ab<em>Quaid Al-Arbaa (los cuatro fundamentos)\u00bb<\/em> y en la introducci\u00f3n en el tafsir.<\/li>\n<li>El gran sabio <strong>Saleh Ibn Fawzan al-Fawzan<\/strong>, miembro de la junta de los grandes sabios en Ar\u00e1bia Saudita. Aprendi\u00f3 de \u00e9l el <em>\u00abOsol A&#8217;Thalatah (los tres principios)\u00bb<\/em>.<\/li>\n<li>El gran sabio <strong>Zaid Ibn Muhamad Al-Madkhali<\/strong> (que Allah tenga misericordia de \u00e9l).<\/li>\n<li>El gran sabio y doctor <strong>Muhamad Ibn Hadi Ibn Ali Al-Madkhali<\/strong>, profesor e instructor en la Universidad Isl\u00e1mica del Madinah.<\/li>\n<li>El gran sabio <strong>Muhamad Ibn Ali Ibn Adam Al-Etiopio<\/strong>. Estudi\u00f3 con \u00e9l en <em>\u00abNukhbat Al-Fikr\u00bb<\/em> hasta conseguir el permiso de \u00e9ste gran sabio para ense\u00f1ar \u00e9ste libro.<\/li>\n<li>El gran sabio <strong>Abd Allah Ibn Hasan Al-Nhari<\/strong> (que Allah le tenga en Su misericordia). Fue el primer mentor de nuestro sheikh.<\/li>\n<li>El gran sabio <strong>Safi Al-Rahman Al-Mubarkafuri<\/strong>. Fue de sus primeros mentores y de qui\u00e9n aprendi\u00f3 el <em>\u00abMandumah Al-Baikuniah\u00bb<\/em>.<\/li>\n<li>El gran sabio <strong>Hamdi Al-Salafi Al-Iraqui<\/strong>. Aprendi\u00f3 de \u00e9l <em>\u00abNukhbat Al-Fikar\u00bb<\/em>.<\/li>\n<\/ul>\n<p>Entre otros tantos sabios y doctores y consigui\u00f3 diferentes autorizaciones y recomendaciones por parte de varios grandes sabios en el mundo isl\u00e1mico, en Ar\u00e1bia Saudita, Yemen, Irak, Egipto\u2026 Cabe destacar su gran renombre entre \u00e9stos sabios con la veracidad de su creencia y metodolog\u00eda, as\u00ed como su preocupaci\u00f3n por aprender m\u00e1s y difundir su conocimiento.<\/p>\n<h3>Sus puestos de trabajo:<\/h3>\n<ul>\n<li>Estuvo durante dos a\u00f1os en una de las escuelas primarias de Jeddah como profesor.<\/li>\n<li>Fue responsable de la gesti\u00f3n de dos seminarios en el Medina en 1425 (hijri), debajo las \u00f3rdenes del sheikh Abd Al-Mohsin Al-Sheihk, director del Centro de Dawaa e Orientaci\u00f3n del Medina.<\/li>\n<li>Fue nombrado miembro del organismo de Promoci\u00f3n de la Virtud y Prevenci\u00f3n del Vicio.<\/li>\n<li>Se traslad\u00f3 a la provincia de Jeddah despu\u00e9s de ser ascendido a la sexta etapa en el Centro del Organismo de Al Bauadi, luego Al Rauda.<\/li>\n<li>Fue nombrado wakil (responsable) en el Centro Haiiat A\u2019Nuzha en la provincia de Jeddah.<\/li>\n<li>Fue nombrado presidente del Centro Haiiat Al-Bagdadia luego A\u2019Rueis luego Al Rauda luego Al Samer.<\/li>\n<li>Fue nombrado director de la direcci\u00f3n de sensibilizaci\u00f3n y orientaci\u00f3n en las directrices generales del Haiiat en la regi\u00f3n de Mekkah. Sin embargo, despu\u00e9s de dos a\u00f1os present\u00f3 su dimisi\u00f3n.<\/li>\n<li>M\u00e1s tarde, fue nombrado presidente del departamento de sensibilizaci\u00f3n y orientaci\u00f3n en el organismo de Promoci\u00f3n de la Virtud y Prevenci\u00f3n del Vicio en la provincia de Jeddah. Y este es su trabajo actual (le pedimos a Allah que le facilite su tarea).<\/li>\n<\/ul>\n<h3>Su carrera como mentor en las ciencias isl\u00e1micas:<\/h3>\n<p>Empez\u00f3 nuestro sheikh (que Allah le proteja) en la dawaa y el ense\u00f1amiento con el permiso del Ministro de Asuntos Religiosos la Dawaa y la Orientaci\u00f3n: sheikh <strong>Saleh Ibn Abd Al-Aziz Ibn Muhamad Al Sehikh<\/strong>, desde el a\u00f1o 1420 (hijri). Ha hecho varias conferencias en la ciudad de Jeddah y en el resto de ciudades del Reino, en las que ense\u00f1\u00f3 diferentes libros de los grandes sabios como <em>\u00abUmdat Al-Ahkam\u00bb, \u00abBulug Al-Maram\u00bb, \u00abMinhaj A\u2019Salikin\u00bb<\/em> \u2026.<\/p>\n<blockquote><p>La tazkia (recomendaci\u00f3n o aprobaci\u00f3n) por parte parte de nuestro gran sabio Rabii Ibn Hadi Al-Madkhali (que Alla le proteja):<\/p>\n<audio class=\"wp-audio-shortcode\" id=\"audio-84-1\" preload=\"none\" style=\"width: 100%;\" controls=\"controls\"><source type=\"audio\/mpeg\" src=\"https:\/\/minhajsunnah.com\/es\/wp-content\/uploads\/2017\/02\/tazkiah_Sh_Osama.mp3?_=1\" \/><a href=\"https:\/\/minhajsunnah.com\/es\/wp-content\/uploads\/2017\/02\/tazkiah_Sh_Osama.mp3\">https:\/\/minhajsunnah.com\/es\/wp-content\/uploads\/2017\/02\/tazkiah_Sh_Osama.mp3<\/a><\/audio>\n<p>La cu\u00e1l fue la noche del viernes 25 de Di Al-Hija del a\u00f1o 1436 de la hijra del profeta.<\/p><\/blockquote>\n<p>Finalmente, le pedimos a Allah Alt\u00edsimo y Poderoso, que ayude a nuestro sheikh a mantenerse firme en sus dichos y hechos, as\u00ed como que haga sus obras puras para Allah y seg\u00fan la metodolog\u00eda de nuestro profeta Muhammad y siguiendo los pasos de nuestros buenos antepasados.<\/p>\n<blockquote><p>\u0646\u0633\u0623\u0644 \u0627\u0644\u0644\u0647 \u0627\u0644\u0639\u0644\u064a \u0627\u0644\u0642\u062f\u064a\u0631 \u0623\u0646 \u064a\u0643\u062a\u0628 \u0644\u0634\u064a\u062e\u0646\u0627 \u0627\u0644\u062a\u0648\u0641\u064a\u0642 \u0648\u0627\u0644\u0633\u062f\u0627\u062f \u0641\u064a \u0627\u0644\u0642\u0648\u0644 \u0648\u0627\u0644\u0639\u0645\u0644\u060c \u0648\u0623\u0646 \u064a\u062c\u0639\u0644 \u0639\u0645\u0644\u0647 \u062e\u0627\u0644\u0635\u0627 \u0644\u0648\u062c\u0647\u0647 \u0627\u0644\u0643\u0631\u064a\u0645 \u0645\u062a\u0628\u0639\u0627 \u0644\u0647\u062f\u064a \u0627\u0644\u0646\u0628\u064a \u0627\u0644\u0642\u0648\u064a\u0645 \u0635\u0644\u0649 \u0627\u0644\u0644\u0647 \u0639\u0644\u064a\u0647 \u0648\u0633\u0644\u0645\u060c \u0645\u0642\u062a\u062f\u064a\u0627 \u0628\u0627\u0644\u0633\u0644\u0641 \u0627\u0644\u0635\u0627\u0644\u062d\u064a\u0646\u060c \u0648\u0627\u0644\u0644\u0647 \u062a\u0639\u0627\u0644\u0649 \u0623\u0639\u0644\u0645 \u0648\u0635\u0644\u0649 \u0627\u0644\u0644\u0647 \u0648\u0633\u0644\u0645 \u0639\u0644\u0649 \u0646\u0628\u064a\u0646\u0627 \u0645\u062d\u0645\u062f \u0648\u0639\u0644\u0649 \u0622\u0644\u0647 \u0648\u0635\u062d\u0628\u0647 \u0623\u062c\u0645\u0639\u064a\u0646<\/p><\/blockquote>\n","protected":false},"excerpt":{"rendered":"<div class=\"post-excerpt\">Esta es la traducci\u00f3n de la biograf\u00eda de nuestro sheikh y supervisor Osama Saud Alamri. Pod\u00e9is encontrar la versi\u00f3n en \u00e1rabe en su web oficial. \u00bfQui\u00e9n es el Sheikh? Es&hellip;<\/div>\n","protected":false},"author":1,"featured_media":0,"parent":0,"menu_order":0,"comment_status":"closed","ping_status":"closed","template":"","meta":{"footnotes":""},"class_list":["post-84","page","type-page","status-publish","hentry"],"_links":{"self":[{"href":"https:\/\/minhajsunnah.com\/es\/wp-json\/wp\/v2\/pages\/84","targetHints":{"allow":["GET"]}}],"collection":[{"href":"https:\/\/minhajsunnah.com\/es\/wp-json\/wp\/v2\/pages"}],"about":[{"href":"https:\/\/minhajsunnah.com\/es\/wp-json\/wp\/v2\/types\/page"}],"author":[{"embeddable":true,"href":"https:\/\/minhajsunnah.com\/es\/wp-json\/wp\/v2\/users\/1"}],"replies":[{"embeddable":true,"href":"https:\/\/minhajsunnah.com\/es\/wp-json\/wp\/v2\/comments?post=84"}],"version-history":[{"count":1,"href":"https:\/\/minhajsunnah.com\/es\/wp-json\/wp\/v2\/pages\/84\/revisions"}],"predecessor-version":[{"id":85,"href":"https:\/\/minhajsunnah.com\/es\/wp-json\/wp\/v2\/pages\/84\/revisions\/85"}],"wp:attachment":[{"href":"https:\/\/minhajsunnah.com\/es\/wp-json\/wp\/v2\/media?parent=84"}],"curies":[{"name":"wp","href":"https:\/\/api.w.org\/{rel}","templated":true}]}}